{"id":4047,"date":"2024-04-29T14:11:34","date_gmt":"2024-04-29T13:11:34","guid":{"rendered":"http:\/\/www.westerwaldverein-daaden.de\/blog\/?page_id=4047"},"modified":"2024-04-29T17:09:00","modified_gmt":"2024-04-29T16:09:00","slug":"pilgerweg-daaden","status":"publish","type":"page","link":"http:\/\/www.westerwaldverein-daaden.de\/blog\/pilgerweg-daaden\/","title":{"rendered":"Pilgerweg Daaden"},"content":{"rendered":"<p><\/p>\n<div class=\"center\">\n<a href=\"http:\/\/www.westerwaldverein-daaden.de\/blog\/wp-content\/uploads\/2024\/04\/Pilgerweg_Daaden-scaled.jpg\" data-rel=\"lightbox-gallery-8Y6FuViN\" data-rl_title=\"\" data-rl_caption=\"\" title=\"\"><img loading=\"lazy\" decoding=\"async\" src=\"http:\/\/www.westerwaldverein-daaden.de\/blog\/wp-content\/uploads\/2024\/04\/Pilgerweg_Daaden-400x267.jpg\" alt=\"\" width=\"400\" height=\"267\" class=\"alignnone size-medium wp-image-4050\" srcset=\"http:\/\/www.westerwaldverein-daaden.de\/blog\/wp-content\/uploads\/2024\/04\/Pilgerweg_Daaden-400x267.jpg 400w, http:\/\/www.westerwaldverein-daaden.de\/blog\/wp-content\/uploads\/2024\/04\/Pilgerweg_Daaden-1024x683.jpg 1024w, http:\/\/www.westerwaldverein-daaden.de\/blog\/wp-content\/uploads\/2024\/04\/Pilgerweg_Daaden-768x512.jpg 768w, http:\/\/www.westerwaldverein-daaden.de\/blog\/wp-content\/uploads\/2024\/04\/Pilgerweg_Daaden-1536x1024.jpg 1536w, http:\/\/www.westerwaldverein-daaden.de\/blog\/wp-content\/uploads\/2024\/04\/Pilgerweg_Daaden-2048x1365.jpg 2048w\" sizes=\"auto, (max-width: 400px) 100vw, 400px\" \/><\/a><br \/>\n<a href=\"http:\/\/www.westerwaldverein-daaden.de\/blog\/wp-content\/uploads\/2024\/04\/Profil_Pilgerweg.jpg\" data-rel=\"lightbox-gallery-8Y6FuViN\" data-rl_title=\"\" data-rl_caption=\"\" title=\"\"><img loading=\"lazy\" decoding=\"async\" src=\"http:\/\/www.westerwaldverein-daaden.de\/blog\/wp-content\/uploads\/2024\/04\/Profil_Pilgerweg-400x258.jpg\" alt=\"\" width=\"400\" height=\"258\" class=\"alignnone size-medium wp-image-4053\" srcset=\"http:\/\/www.westerwaldverein-daaden.de\/blog\/wp-content\/uploads\/2024\/04\/Profil_Pilgerweg-400x258.jpg 400w, http:\/\/www.westerwaldverein-daaden.de\/blog\/wp-content\/uploads\/2024\/04\/Profil_Pilgerweg-768x495.jpg 768w, http:\/\/www.westerwaldverein-daaden.de\/blog\/wp-content\/uploads\/2024\/04\/Profil_Pilgerweg.jpg 1000w\" sizes=\"auto, (max-width: 400px) 100vw, 400px\" \/><\/a><br \/>\n<small>(Zum Vergr\u00f6\u00dfern bitte anklicken)<\/small>\n<\/div>\n<p><a href=\"http:\/\/www.westerwaldverein-daaden.de\/download\/20230904_Pilgerweg-Daaden.gpx\" download>GPX-Daten des Pilgerwegs herunterladen<\/a><br \/>\n<a href=\"http:\/\/www.westerwaldverein-daaden.de\/download\/Pilgerweg_Daaden.pdf\" target=\"_BLANK\" rel=\"noopener\">Wegbeschreibung als PDF<\/a><\/p>\n<p><strong><u>Wegbeschreibung:<\/u><\/strong><\/p>\n<p>Der Start und das Ziel der 20 km langen Wanderung auf dem Pilgerweg ist im sch\u00f6nen Ortskern von Daaden am Turm der Ev. Barockkirche. Von dort kann man den Pilgerweg im oder gegen den Uhrzeigersinn wandern. Empfehlung ist die Wanderung im Uhrzeigersinn, wie in der Beschreibung. Dazu geht man die Treppe an der Kirche hinab und \u00fcberquert die Stra\u00dfe \u00fcber den Zebrastreifen und folgt den Markierungsschildern in Richtung Silberberg. Mit einem ersten Anstieg erreicht man einen Aussichtspunkt auf die Stadt Daaden. \u00dcber den Weg im Krain wandert man dann in Richtung Biersdorf zum Kreuz auf der Biersdorfer Lay. Hier kann eine erste Rast einlegt werden, mit einem sch\u00f6nen Blick auf den Ort Biersdorf.<\/p>\n<p>Der weitere Weg verl\u00e4uft von dort durch eine alte Bergbau- und Haubergslandschaft, wo noch zahlreiche Pingen (Erzabbau \u00fcber Tage) zu sehen sind. Man wandert dort im Bereich der alten Eisenerzgrube F\u00fcsseberg. Es wird imVerlauf der Strecke ein weiterer Aussichtspunkt auf die Stadt Daaden mit dem Stegskopf im Hintergrund erreicht. Eine Bank l\u00e4dt ein zum Verweilen und Besinnen inmitten der sch\u00f6nen Natur. Nach weiteren 1,2 Kilometern Wanderung erreicht man den Heller-H\u00f6henweg, eine alte Handelsstra\u00dfe. \u00dcber den Igelshahn (436 m) und den M\u00fchlberg (451 m) geht es dann durch eine sch\u00f6ne Landschaft zur H\u00fcllbuche, einem alten Baum, welcher schon den 30-j\u00e4hrigen Krieg erlebt hat. Dieser Streckenteil von 2,4 Kilometer L\u00e4nge hat nur wenig Steigung und l\u00e4dt ein zu einem Schweigeabschnitt.<\/p>\n<p>Am Parkplatz H\u00fcllbuche ist eine weitere Rastm\u00f6glichkeit gegeben, bevor man auf dem Wanderweg \u201eDruidensteig\u201c weiter wandert durch einen 250 Jahre alten Buchenwald in Richtung Hohenseelbachskopf. Der Hohenseelbachskopf (517 m) ist ein Ort mit einer langen Geschichte. Die Urspr\u00fcnge liegen in der Zeit der Kelten (Ringwall), einem alten Adelsgeschlecht der Seelbacher, die dort eine Burg errichteten, die 1352 zerst\u00f6rt wurde, und vom 19. bis ins 20.Jahrhundert wurde dort Basalt abgebaut, dessen Spuren man heute noch sehen kann. Auch hier besteht die M\u00f6glichkeit einer Rast. <\/p>\n<p>Am Hohenseelbachskopf erreicht der Pilgerweg den Europ\u00e4ischen Fernwanderweg E1, dessen Verlauf er 1,5 Kilometer folgt. Der Pilgerweg biegt dann ab und man erreicht die Wilhelm-Fischbach-H\u00fctte. Weiter geht es dann zur Westerwaldh\u00fctte (507 m) auf der Rodenbach mit der Quelle des Direnbachs. Auch hier besteht die M\u00f6glichkeit f\u00fcr eine Rast.<\/p>\n<p>Von hier verl\u00e4uft der Weg 3,5 Kilometer in einem langen Abstieg wieder in den Ort Daaden. Auf diesem Streckenabschnitt stehen zwei B\u00e4nke mit einer wundersch\u00f6nen Aussicht in die Landschaft und auf die Stadt Daaden. Am Freibad vorbei, geht der Weg auf den letzten 3 Kilometern durch das Wetzels Gr\u00fcndchen zum Hahnenkopf und erreicht das Denkmal \u201eHinter der Ley\u201c, bevor man wieder den Ortskern und die Ev. Barockkirche Daaden erreicht. An vielen Punkten des Pilgerwegs hat man die M\u00f6glichkeit einer K\u00f6rperarbeit und von Impulsen, die bei einer Pilgerwanderung ein wichtiges Element sind.<\/p>\n","protected":false},"excerpt":{"rendered":"<p>(Zum Vergr\u00f6\u00dfern bitte anklicken) GPX-Daten des Pilgerwegs herunterladen Wegbeschreibung als PDF Wegbeschreibung: Der Start und das Ziel der 20 km langen Wanderung auf dem Pilgerweg ist im sch\u00f6nen Ortskern von Daaden am Turm der Ev. Barockkirche. Von dort kann man den Pilgerweg im oder gegen den Uhrzeigersinn wandern. Empfehlung ist die Wanderung im Uhrzeigersinn, wie [&hellip;]<\/p>\n","protected":false},"author":1,"featured_media":0,"parent":0,"menu_order":65,"comment_status":"closed","ping_status":"closed","template":"","meta":{"footnotes":""},"class_list":["post-4047","page","type-page","status-publish","hentry"],"_links":{"self":[{"href":"http:\/\/www.westerwaldverein-daaden.de\/blog\/wp-json\/wp\/v2\/pages\/4047","targetHints":{"allow":["GET"]}}],"collection":[{"href":"http:\/\/www.westerwaldverein-daaden.de\/blog\/wp-json\/wp\/v2\/pages"}],"about":[{"href":"http:\/\/www.westerwaldverein-daaden.de\/blog\/wp-json\/wp\/v2\/types\/page"}],"author":[{"embeddable":true,"href":"http:\/\/www.westerwaldverein-daaden.de\/blog\/wp-json\/wp\/v2\/users\/1"}],"replies":[{"embeddable":true,"href":"http:\/\/www.westerwaldverein-daaden.de\/blog\/wp-json\/wp\/v2\/comments?post=4047"}],"version-history":[{"count":3,"href":"http:\/\/www.westerwaldverein-daaden.de\/blog\/wp-json\/wp\/v2\/pages\/4047\/revisions"}],"predecessor-version":[{"id":4060,"href":"http:\/\/www.westerwaldverein-daaden.de\/blog\/wp-json\/wp\/v2\/pages\/4047\/revisions\/4060"}],"wp:attachment":[{"href":"http:\/\/www.westerwaldverein-daaden.de\/blog\/wp-json\/wp\/v2\/media?parent=4047"}],"curies":[{"name":"wp","href":"https:\/\/api.w.org\/{rel}","templated":true}]}}